{"id":56,"date":"2024-01-04T18:32:17","date_gmt":"2024-01-04T18:32:17","guid":{"rendered":"https:\/\/wordpress.validthemes.net\/agrica\/?page_id=56"},"modified":"2024-08-31T15:32:28","modified_gmt":"2024-08-31T12:32:28","slug":"anasayfa","status":"publish","type":"page","link":"https:\/\/mcafruits.com\/en\/","title":{"rendered":"Homepage"},"content":{"rendered":"<div data-elementor-type=\"wp-page\" data-elementor-id=\"56\" class=\"elementor elementor-56\" data-elementor-post-type=\"page\">\n\t\t\t\t<div class=\"elementor-element elementor-element-a11a18a e-con-full e-flex e-con e-parent\" data-id=\"a11a18a\" data-element_type=\"container\">\n\t\t\t\t<div class=\"elementor-element elementor-element-a65f232 elementor-widget elementor-widget-agricabanner\" data-id=\"a65f232\" data-element_type=\"widget\" data-widget_type=\"agricabanner.default\">\n\t\t\t\t<div class=\"elementor-widget-container\">\n\t\t\t<div class=\"banner-area banner-style-two text-center navigation-circle zoom-effect overflow-hidden text-light\"><!-- Slider main container --><div class=\"banner-fade\"><!-- Additional required wrapper --><div class=\"swiper-wrapper\"><!-- Single Item --><div class=\"swiper-slide banner-style-two\"><div class=\"banner-thumb bg-cover shadow dark\" style=\"background: url(http:\/\/mcafruits.com\/wp-content\/uploads\/2024\/08\/elma-bg.webp);\"><\/div><div class=\"container\"><div class=\"row align-center\"><div class=\"col-lg-8 offset-lg-2\"><div class=\"content\"><h2 class=\"vt-title\">Innovative <strong>Production<\/strong><\/h2><p class=\"vt-desc\">MCA FRUITS has been redefining apple production in Karaman since 1984. With our 8 different apple varieties, we combine traditional taste with modern agricultural techniques.<\/p><\/div><\/div><\/div><\/div><\/div><!-- End Single Item --><!-- Single Item --><div class=\"swiper-slide banner-style-two\"><div class=\"banner-thumb bg-cover shadow dark\" style=\"background: url(http:\/\/mcafruits.com\/wp-content\/uploads\/2024\/08\/elma2-bg.webp);\"><\/div><div class=\"container\"><div class=\"row align-center\"><div class=\"col-lg-8 offset-lg-2\"><div class=\"content\"><h2 class=\"vt-title\">Traditional<strong>Flavor<\/strong><\/h2><p class=\"vt-desc\">MCA FRUITS is a family that turns apple production into art. In the fertile lands of Karaman, with our knowledge that has been going on for four generations, we grow the most delicious and healthy apples. <\/p><\/div><\/div><\/div><\/div><\/div><!-- End Single Item --><!-- Single Item --><div class=\"swiper-slide banner-style-two\"><div class=\"banner-thumb bg-cover shadow dark\" style=\"background: url(http:\/\/mcafruits.com\/wp-content\/uploads\/2024\/08\/elma-taze.webp);\"><\/div><div class=\"container\"><div class=\"row align-center\"><div class=\"col-lg-8 offset-lg-2\"><div class=\"content\"><h2 class=\"vt-title\">Always<strong>Fresh<\/strong><\/h2><p class=\"vt-desc\"> With our high-tech cold storage facilities and meticulous quality control processes, we offer the freshest and most delicious apples every day of the year.<\/p><\/div><\/div><\/div><\/div><\/div><!-- End Single Item --><\/div><!-- Navigation --><div class=\"swiper-button-prev\"><\/div><div class=\"swiper-button-next\"><\/div><\/div>        <\/div>\t\t<\/div>\n\t\t\t\t<\/div>\n\t\t\t\t<\/div>\n\t\t<div class=\"elementor-element elementor-element-fa6b60f e-con-full e-flex e-con e-parent\" data-id=\"fa6b60f\" data-element_type=\"container\" data-settings=\"{&quot;background_background&quot;:&quot;classic&quot;}\">\n\t\t\t\t<div class=\"elementor-element elementor-element-f3382ac elementor-widget elementor-widget-agricaaboutus\" data-id=\"f3382ac\" data-element_type=\"widget\" data-widget_type=\"agricaaboutus.default\">\n\t\t\t\t<div class=\"elementor-widget-container\">\n\t\t\t<div class=\"about-style-one-area default-padding overflow-hidden\"><div class=\"container\"><div class=\"row align-center\"><div class=\"col-xl-6 col-lg-5\"><div class=\"about-style-one-thumb\"><img decoding=\"async\" src=\"http:\/\/mcafruits.com\/wp-content\/uploads\/2024\/08\/mca-landing.webp\" alt=\"MCA%20FRUITS\"  \/><div class=\"animation-shape\"><img decoding=\"async\" src=\"http:\/\/mcafruits.com\/wp-content\/uploads\/2024\/08\/WhatsApp-Image-2024-08-24-at-11.17.10-18.jpeg\" alt=\"MCA%20FRUITS\"  \/><\/div><\/div><\/div><div class=\"col-xl-5 offset-xl-1 col-lg-6 offset-lg-1\"><div class=\"about-style-one-info\"><h2 class=\"vt-title title\">MCA FRUITS<br> Global Ambassador of Apple<\/h2><p class=\"vt-desc\">With our principles of professionalism, quality and customer satisfaction, we are among the leading apple producers in Turkey.<\/p><div class=\"fun-fact-style-flex mt-35\"><div class=\"counter\"><div class=\"timer\" data-to=\"5\" data-speed=\"2000\">5<\/div><div class=\"operator\">K<\/div><\/div><span class=\"medium\">Annual apple production of 5000 tons<\/span><\/div><ul class=\"top-feature\"><li><div class=\"icon\"><img decoding=\"async\" src=\"http:\/\/mcafruits.com\/wp-content\/uploads\/2024\/01\/20.png\" alt=\"MCA%20FRUITS\"  \/><\/div><div class=\"info\"><h4 class=\"vt-f-title\">Over 40 years of experience<\/h4><\/div><\/li><li><div class=\"icon\"><img decoding=\"async\" src=\"http:\/\/mcafruits.com\/wp-content\/uploads\/2024\/08\/agac.webp\" alt=\"MCA%20FRUITS\"  \/><\/div><div class=\"info\"><h4 class=\"vt-f-title\">800 acres of apple garden<\/h4><\/div><\/li><li><div class=\"icon\"><img decoding=\"async\" src=\"http:\/\/mcafruits.com\/wp-content\/uploads\/2024\/08\/sogukhava.webp\" alt=\"MCA%20FRUITS\"  \/><\/div><div class=\"info\"><h4 class=\"vt-f-title\">Special cold storage facilities<\/h4><\/div><\/li><li><div class=\"icon\"><img decoding=\"async\" src=\"http:\/\/mcafruits.com\/wp-content\/uploads\/2024\/08\/ton-elma.webp\" alt=\"MCA%20FRUITS\"  \/><\/div><div class=\"info\"><h4 class=\"vt-f-title\">Annual apple production of 5000 tons<\/h4><\/div><\/li><\/ul><\/div><\/div><\/div><\/div><\/div>\t\t<\/div>\n\t\t\t\t<\/div>\n\t\t\t\t<\/div>\n\t\t<div class=\"elementor-element elementor-element-f3eade1 e-con-full e-flex e-con e-parent\" data-id=\"f3eade1\" data-element_type=\"container\">\n\t\t\t\t<div class=\"elementor-element elementor-element-66ed74a elementor-widget elementor-widget-agricachoseus\" data-id=\"66ed74a\" data-element_type=\"widget\" data-widget_type=\"agricachoseus.default\">\n\t\t\t\t<div class=\"elementor-widget-container\">\n\t\t\t<div class=\"choose-us-style-two-area overflow-hidden default-padding-top\"><div class=\"container\"><div class=\"row\"><div class=\"col-xl-6 col-lg-6 pr-100 pr-md-15 pr-xs-15 pb-120 pb-md-60 pb-xs-60\"><ul class=\"list-simple text-light\"><li><h4 class=\"vt-f-title\">Apple Production<\/h4><p class=\"vt-f-text\">Our company grows eight different apple varieties with sustainable agricultural practices and has an annual production capacity of 9000 tons.<\/p><\/li><li><h4 class=\"vt-f-title\">Apple Packing<\/h4><p class=\"vt-f-text\">We offer special packaging options according to our customers' demands and we carry out these processes in our hygienic and modern packaging facilities.<\/p><\/li><li><h4 class=\"vt-f-title\">Apple Sales and Export<\/h4><p class=\"vt-f-text\">We have export procedures at international standards and provide support services to our customers on customs and logistics issues.<\/p><\/li><li><h4 class=\"vt-f-title\">Cold Storage<\/h4><p class=\"vt-f-text\">Thanks to our modern cold storage facilities with a capacity of 9000 tons, we guarantee fresh apples all year round.<\/p><\/li><\/ul><\/div><div class=\"col-xl-5 offset-xl-1 col-lg-6\"><div class=\"choose-us-style-two-content\"><h4 class=\"sub-title vt-title\">Local Production, Global Quality<\/h4><h2 class=\"title\">From Karaman to the World, the Bridge of Taste<\/h2><div class=\"choose-us-style-two-info\"><div class=\"content\"><div class=\"fun-fact\"><div class=\"counter\"><div class=\"timer\" data-to=\"38\" data-speed=\"2000\">38<\/div><div class=\"operator\">K<\/div><\/div><span class=\"medium vt-c-title\">Customer Portfolio<\/span><\/div><div class=\"fun-fact\"><div class=\"counter\"><div class=\"timer\" data-to=\"40\" data-speed=\"2000\">40<\/div><div class=\"operator\">+<\/div><\/div><span class=\"medium vt-c-title\">Export to more than 40 countries<\/span><\/div><\/div><div class=\"thumb\"><img decoding=\"async\" src=\"http:\/\/mcafruits.com\/wp-content\/uploads\/2024\/08\/elma-uretim.webp\" alt=\"MCA%20FRUITS\"  \/><a href=\"http:\/\/mcafruits.com\/wp-content\/uploads\/2024\/08\/elma-uretim- (5).mp4\" class=\"popup-youtube video-play-button\"><i class=\"fas fa-play\"><\/i><div class=\"effect\"><\/div><\/a><\/div><\/div><\/div><\/div><\/div><\/div><\/div>\t\t<\/div>\n\t\t\t\t<\/div>\n\t\t\t\t<\/div>\n\t\t<div class=\"elementor-element elementor-element-976a706 e-con-full e-flex e-con e-parent\" data-id=\"976a706\" data-element_type=\"container\" data-settings=\"{&quot;background_background&quot;:&quot;classic&quot;}\">\n\t\t\t\t<div class=\"elementor-element elementor-element-05d36eb elementor-widget elementor-widget-agricaaboutus\" data-id=\"05d36eb\" data-element_type=\"widget\" data-widget_type=\"agricaaboutus.default\">\n\t\t\t\t<div class=\"elementor-widget-container\">\n\t\t\t<div class=\"feature-style-one-area default-padding\" style=\"background-image: url(http:\/\/mcafruits.com\/wp-content\/uploads\/2024\/08\/apples-table_144627-6745.jpg);\"><div class=\"container\"><div class=\"row align-center\"><div class=\"col-xl-3 col-lg-6\"><div class=\"feature-style-one-item\"><img decoding=\"async\" src=\"http:\/\/mcafruits.com\/wp-content\/uploads\/2024\/08\/delicious-apples-studio_23-2150811083.jpg\" alt=\"MCA%20FRUITS\"  \/><\/div><\/div><div class=\"col-xl-6 col-lg-6 pl-50 pr-50 pl-md-15 pr-md-15 pl-xs-15 pr-xs-15\"><div class=\"feature-style-one-info\"><h2 class=\"vt-title title\">Eight Different Varieties, <br> Infinite Taste Experience<\/h2><p class=\"vt-desc\">MCA FRUITS has been turning apple production into an art in the unique climate of Karaman for 40 years. We offer a true gourmet experience with 8 different apple varieties, from the golden shine of Golden Reinders to the fresh green of Granny Smith, from the romantic pink of Pink Lady to the exotic taste of Fuji.<\/p><a class=\"btn btn-theme mt-30 btn-md radius animation\" href=\"https:\/\/mcafruits.com\/en\/elma-cesitleri\/\">All Apple Varieties<\/a><\/div><\/div><div class=\"col-xl-3 col-lg-12\"><div class=\"featured-product\"><!-- Single Item --><div class=\"product-list-item\"><a href=\"\"><img decoding=\"async\" src=\"http:\/\/mcafruits.com\/wp-content\/uploads\/2024\/08\/6.webp\" alt=\"MCA%20FRUITS\"  \/><h5 class=\"vt-f-title\">Gala<\/h5><\/a><\/div><!-- End Single Item --><!-- Single Item --><div class=\"product-list-item\"><a href=\"\"><img decoding=\"async\" src=\"http:\/\/mcafruits.com\/wp-content\/uploads\/2024\/08\/1.webp\" alt=\"MCA%20FRUITS\"  \/><h5 class=\"vt-f-title\">Golden Reinders<\/h5><\/a><\/div><!-- End Single Item --><!-- Single Item --><div class=\"product-list-item\"><a href=\"\"><img decoding=\"async\" src=\"http:\/\/mcafruits.com\/wp-content\/uploads\/2024\/08\/2.webp\" alt=\"MCA%20FRUITS\"  \/><h5 class=\"vt-f-title\">Granny Simith<\/h5><\/a><\/div><!-- End Single Item --><!-- Single Item --><div class=\"product-list-item\"><a href=\"\"><img decoding=\"async\" src=\"http:\/\/mcafruits.com\/wp-content\/uploads\/2024\/08\/9.webp\" alt=\"MCA%20FRUITS\"  \/><h5 class=\"vt-f-title\">Scarlet Spur<\/h5><\/a><\/div><!-- End Single Item --><\/div><\/div><\/div><\/div><\/div>\t\t<\/div>\n\t\t\t\t<\/div>\n\t\t\t\t<\/div>\n\t\t<div class=\"elementor-element elementor-element-0647a53 e-con-full e-flex e-con e-parent\" data-id=\"0647a53\" data-element_type=\"container\">\n\t\t\t\t<div class=\"elementor-element elementor-element-316b9da elementor-widget elementor-widget-agricaservices\" data-id=\"316b9da\" data-element_type=\"widget\" data-widget_type=\"agricaservices.default\">\n\t\t\t\t<div class=\"elementor-widget-container\">\n\t\t\t<div class=\"service-style-two-area half-bg-dark-bottom\"><div class=\"container\"><div class=\"row\"><div class=\"col-lg-10 offset-lg-1\"><div class=\"text-center mb-60 mb-md-40 mb-xs-40\"><h2 class=\"mask-text large\" style=\"background-image: url(http:\/\/mcafruits.com\/wp-content\/uploads\/2024\/08\/delicious-apples-arrangement_23-2148917762.jpg);\">Karaman's Apple Paradise<\/h2><\/div><\/div><\/div><div class=\"row\"><div class=\"col-lg-12\"><div class=\"service-style-two-carousel swiper mb--30\"><!-- Additional required wrapper --><div class=\"swiper-wrapper\"><!-- Single Item --><div class=\"swiper-slide\"><div class=\"service-style-two\"><div class=\"thumb\"><img decoding=\"async\" src=\"http:\/\/mcafruits.com\/wp-content\/uploads\/2024\/08\/elma-ihracat-2.jpeg\" alt=\"MCA%20FRUITS\"  \/><\/div><div class=\"overlay\"><div class=\"info\"><\/div><\/div><\/div><\/div><!-- End Single Item --><!-- Single Item --><div class=\"swiper-slide\"><div class=\"service-style-two\"><div class=\"thumb\"><img decoding=\"async\" src=\"http:\/\/mcafruits.com\/wp-content\/uploads\/2024\/08\/elma-ihracat-20.jpeg\" alt=\"MCA%20FRUITS\"  \/><\/div><div class=\"overlay\"><div class=\"info\"><\/div><\/div><\/div><\/div><!-- End Single Item --><!-- Single Item --><div class=\"swiper-slide\"><div class=\"service-style-two\"><div class=\"thumb\"><img decoding=\"async\" src=\"https:\/\/mcafruits.com\/wp-content\/uploads\/2024\/08\/elma-uretim-9.jpg\" alt=\"MCA%20FRUITS\"  \/><\/div><div class=\"overlay\"><div class=\"icon\"><img decoding=\"async\" src=\"https:\/\/mcafruits.com\/wp-content\/plugins\/elementor\/assets\/images\/placeholder.png\" alt=\"MCA%20FRUITS\"  \/><\/div><div class=\"info\"><\/div><\/div><\/div><\/div><!-- End Single Item --><!-- Single Item --><div class=\"swiper-slide\"><div class=\"service-style-two\"><div class=\"thumb\"><img decoding=\"async\" src=\"http:\/\/mcafruits.com\/wp-content\/uploads\/2024\/08\/elma-ihracat-39.jpeg\" alt=\"MCA%20FRUITS\"  \/><\/div><div class=\"overlay\"><div class=\"info\"><\/div><\/div><\/div><\/div><!-- End Single Item --><!-- Single Item --><div class=\"swiper-slide\"><div class=\"service-style-two\"><div class=\"thumb\"><img decoding=\"async\" src=\"http:\/\/mcafruits.com\/wp-content\/uploads\/2024\/08\/elma-ihracat-34.jpeg\" alt=\"MCA%20FRUITS\"  \/><\/div><div class=\"overlay\"><div class=\"info\"><\/div><\/div><\/div><\/div><!-- End Single Item --><!-- Single Item --><div class=\"swiper-slide\"><div class=\"service-style-two\"><div class=\"thumb\"><img decoding=\"async\" src=\"https:\/\/mcafruits.com\/wp-content\/uploads\/2024\/08\/granny-smith.webp\" alt=\"MCA%20FRUITS\"  \/><\/div><div class=\"overlay\"><div class=\"icon\"><img decoding=\"async\" src=\"https:\/\/mcafruits.com\/wp-content\/plugins\/elementor\/assets\/images\/placeholder.png\" alt=\"MCA%20FRUITS\"  \/><\/div><div class=\"info\"><\/div><\/div><\/div><\/div><!-- End Single Item --><\/div><!-- Navigation --><div class=\"swiper-button-prev\"><\/div><div class=\"swiper-button-next\"><\/div><\/div><\/div><\/div><\/div><\/div>\t\t<\/div>\n\t\t\t\t<\/div>\n\t\t\t\t<\/div>\n\t\t<div class=\"elementor-element elementor-element-b66fc6f e-con-full e-flex e-con e-parent\" data-id=\"b66fc6f\" data-element_type=\"container\" data-settings=\"{&quot;background_background&quot;:&quot;classic&quot;}\">\n\t\t\t\t<div class=\"elementor-element elementor-element-762b6e7 elementor-widget elementor-widget-agricahistory\" data-id=\"762b6e7\" data-element_type=\"widget\" data-widget_type=\"agricahistory.default\">\n\t\t\t\t<div class=\"elementor-widget-container\">\n\t\t\t<div class=\"timeline-area default-padding\"><div class=\"container\"><div class=\"row\"><div class=\"col-lg-8 offset-lg-2\"><div class=\"site-heading\"><h2 class=\"title vt-f-title\">In apple production <br> since 1984...<\/h2> <div class=\"row\"><div class=\"col-xl-10 offset-xl-2\"><p class=\"vt-f-text desc-selector\">Today, we produce 5000 tons of apples annually in our 800-acre apple orchard, store them in our modern cold storage facilities and pack them carefully. We offer our products for sale both in the domestic market and export them to many countries. As MCA Fruits, we are proud to be one of Turkey's leading names in quality apple production.<\/p><\/div><\/div> <\/div><\/div><\/div><div class=\"row\"><div class=\"col-lg-12\"><div class=\"timeline-items\"><!-- Single Item --> <div class=\"timeline-item\"><h2 class=\"vt-year\">1984<\/h2> <h4 class=\"vt-title\">Company Establishment<\/h4><\/div><!-- Single Item --> <div class=\"timeline-item\"><h2 class=\"vt-year\">1990<\/h2> <h4 class=\"vt-title\">Expansion of Production Area<\/h4><\/div><!-- Single Item --> <div class=\"timeline-item\"><h2 class=\"vt-year\">2000<\/h2> <h4 class=\"vt-title\">Cold Storage Investment<\/h4><\/div><!-- Single Item --> <div class=\"timeline-item\"><h2 class=\"vt-year\">2010<\/h2> <h4 class=\"vt-title\">Increase in Production Capacity<\/h4><\/div><\/div><\/div><\/div><\/div><\/div>\t\t<\/div>\n\t\t\t\t<\/div>\n\t\t\t\t<\/div>\n\t\t<div class=\"elementor-element elementor-element-ed5a7a6 e-con-full e-flex e-con e-parent\" data-id=\"ed5a7a6\" data-element_type=\"container\" data-settings=\"{&quot;background_background&quot;:&quot;classic&quot;}\">\n\t\t\t\t<div class=\"elementor-element elementor-element-16a0295 elementor-widget elementor-widget-agricacta\" data-id=\"16a0295\" data-element_type=\"widget\" data-widget_type=\"agricacta.default\">\n\t\t\t\t<div class=\"elementor-widget-container\">\n\t\t\t<div class=\"call-to-action-area overflow-hidden\"><div class=\"shape\"><img decoding=\"async\" src=\"http:\/\/mcafruits.com\/wp-content\/uploads\/2024\/08\/elma-sepeti.webp\" alt=\"MCA%20FRUITS\"  \/><\/div><div class=\"container\"><div class=\"row\"><div class=\"col-xl-6 col-lg-12\"><div class=\"callto-action text-light\"><h2 class=\"title vt-f-title\">Fresh in Every Season, Always Delicious<\/h2><p class=\"vt-f-text desc-selector\"> With our high-tech cold storage facilities and meticulous quality control processes, we offer the freshest and most delicious apples every day of the year. With our sustainable agricultural practices and environmentally friendly approach, we promise deliciousness to future generations. <\/p><\/div><\/div><div class=\"col-xl-6 col-lg-12\"><div class=\"brand\"><div class=\"brand-style-one-carousel swiper\"><!-- Additional required wrapper --><div class=\"swiper-wrapper\"><!-- Single Item --><div class=\"swiper-slide\"><img decoding=\"async\" src=\"http:\/\/mcafruits.com\/wp-content\/uploads\/2024\/08\/delicious-red-apples-isolated-white-table_114579-67401.jpg\" alt=\"Thumb\"><\/div><!-- End Single Item --><!-- Single Item --><div class=\"swiper-slide\"><img decoding=\"async\" src=\"http:\/\/mcafruits.com\/wp-content\/uploads\/2024\/08\/delicious-red-apples-studio_23-2150811031.jpg\" alt=\"Thumb\"><\/div><!-- End Single Item --><!-- Single Item --><div class=\"swiper-slide\"><img decoding=\"async\" src=\"http:\/\/mcafruits.com\/wp-content\/uploads\/2024\/08\/delicious-red-apples-studio_23-2150811035.jpg\" alt=\"Thumb\"><\/div><!-- End Single Item --><!-- Single Item --><div class=\"swiper-slide\"><img decoding=\"async\" src=\"http:\/\/mcafruits.com\/wp-content\/uploads\/2024\/08\/red-apple-isolated_74190-1286.jpg\" alt=\"Thumb\"><\/div><!-- End Single Item --><!-- Single Item --><div class=\"swiper-slide\"><img decoding=\"async\" src=\"http:\/\/mcafruits.com\/wp-content\/uploads\/2024\/08\/red-apple-isolated-white-background_74190-2538.jpg\" alt=\"Thumb\"><\/div><!-- End Single Item --><!-- Single Item --><div class=\"swiper-slide\"><img decoding=\"async\" src=\"http:\/\/mcafruits.com\/wp-content\/uploads\/2024\/08\/apple-table_144627-6738.jpg\" alt=\"Thumb\"><\/div><!-- End Single Item --><\/div><\/div><\/div><\/div><\/div><\/div><\/div>\t\t<\/div>\n\t\t\t\t<\/div>\n\t\t\t\t<\/div>\n\t\t\t\t<\/div>","protected":false},"excerpt":{"rendered":"<p>\u0130novatif \u00dcretim MCA FRUITS, 1984&#039;ten beri Karaman&#039;da elma \u00fcretimini yeniden tan\u0131ml\u0131yor. 8 farkl\u0131 elma \u00e7e\u015fidimizle, geleneksel lezzeti modern tar\u0131m teknikleriyle bulu\u015fturuyoruz. GelenekselLezzet MCA FRUITS, elma \u00fcretimini sanata d\u00f6n\u00fc\u015ft\u00fcren bir ailedir. Karaman&#039;\u0131n verimli topraklar\u0131nda, d\u00f6rt nesildir s\u00fcregelen bilgi birikimimizle, en lezzetli ve sa\u011fl\u0131kl\u0131 elmalar\u0131 yeti\u015ftiriyoruz. DA\u0130MATAZE \u0130leri teknoloji so\u011fuk hava depolar\u0131m\u0131z ve titiz kalite kontrol s\u00fcre\u00e7lerimizle,&#8230;<\/p>","protected":false},"author":1,"featured_media":0,"parent":0,"menu_order":0,"comment_status":"closed","ping_status":"closed","template":"template-builder.php","meta":{"footnotes":""},"class_list":["post-56","page","type-page","status-publish","hentry"],"_links":{"self":[{"href":"https:\/\/mcafruits.com\/en\/wp-json\/wp\/v2\/pages\/56","targetHints":{"allow":["GET"]}}],"collection":[{"href":"https:\/\/mcafruits.com\/en\/wp-json\/wp\/v2\/pages"}],"about":[{"href":"https:\/\/mcafruits.com\/en\/wp-json\/wp\/v2\/types\/page"}],"author":[{"embeddable":true,"href":"https:\/\/mcafruits.com\/en\/wp-json\/wp\/v2\/users\/1"}],"replies":[{"embeddable":true,"href":"https:\/\/mcafruits.com\/en\/wp-json\/wp\/v2\/comments?post=56"}],"version-history":[{"count":38,"href":"https:\/\/mcafruits.com\/en\/wp-json\/wp\/v2\/pages\/56\/revisions"}],"predecessor-version":[{"id":3389,"href":"https:\/\/mcafruits.com\/en\/wp-json\/wp\/v2\/pages\/56\/revisions\/3389"}],"wp:attachment":[{"href":"https:\/\/mcafruits.com\/en\/wp-json\/wp\/v2\/media?parent=56"}],"curies":[{"name":"wp","href":"https:\/\/api.w.org\/{rel}","templated":true}]}}