{"id":2691,"date":"2024-01-06T18:04:41","date_gmt":"2024-01-06T18:04:41","guid":{"rendered":"https:\/\/wordpress.validthemes.net\/agrica\/?page_id=2691"},"modified":"2024-08-27T11:22:03","modified_gmt":"2024-08-27T08:22:03","slug":"elma-cesitleri","status":"publish","type":"page","link":"https:\/\/mcafruits.com\/en\/elma-cesitleri\/","title":{"rendered":"Apple Varieties"},"content":{"rendered":"<div data-elementor-type=\"wp-page\" data-elementor-id=\"2691\" class=\"elementor elementor-2691\" data-elementor-post-type=\"page\">\n\t\t\t\t<div class=\"elementor-element elementor-element-ba88279 e-con-full e-flex e-con e-parent\" data-id=\"ba88279\" data-element_type=\"container\" data-settings=\"{&quot;background_background&quot;:&quot;classic&quot;}\">\n\t\t\t\t<div class=\"elementor-element elementor-element-d97e085 elementor-widget elementor-widget-agricapbanner\" data-id=\"d97e085\" data-element_type=\"widget\" data-widget_type=\"agricapbanner.default\">\n\t\t\t\t<div class=\"elementor-widget-container\">\n\t\t\t<div class=\"product-speciality-arae\"><div class=\"container\"><div class=\"row\"><div class=\"col-xl-6 col-md-8\"><div class=\"product-speciality-info default-padding-bottom\"><div class=\"product-badge\"><h1><strong>Eight Kinds of Flavor<\/strong><\/h1><\/div><h2>Karaman's Apple Paradise, the World's Taste Center<\/h2><p>Eight Kinds of Taste, A World of Quality<\/p><a class=\"btn btn-dark btn-md radius animation\" href=\"https:\/\/mcafruits.com\/en\/faaliyetler\/\">Services<\/a><\/div><\/div><\/div><\/div><\/div>\t\t<\/div>\n\t\t\t\t<\/div>\n\t\t\t\t<\/div>\n\t\t<div class=\"elementor-element elementor-element-ff68d38 e-con-full e-flex e-con e-parent\" data-id=\"ff68d38\" data-element_type=\"container\">\n\t\t\t\t<div class=\"elementor-element elementor-element-5a246c4 elementor-widget elementor-widget-agricasproductcats\" data-id=\"5a246c4\" data-element_type=\"widget\" data-widget_type=\"agricasproductcats.default\">\n\t\t\t\t<div class=\"elementor-widget-container\">\n\t\t\t<div class=\"product-cat-area default-padding\"><div class=\"container\"><div class=\"product-cat-items\"><div class=\"row align-center\"><div class=\"col-lg-5 product-cat-info\"><h2 class=\"mask-text\" style=\"background-image: url(https:\/\/wordpress.validthemes.net\/agrica\/wp-content\/uploads\/2024\/01\/17.jpg);\">Eight Kinds of Flavor<\/h2><\/div><div class=\"col-lg-6 offset-lg-1\"><div class=\"product-cat-lists text-light\"><div class=\"product-list-box\"><!-- Single Item --><div class=\"product-list-item\"><a href=\"\"><img decoding=\"async\" src=\"http:\/\/mcafruits.com\/wp-content\/uploads\/2024\/08\/starking.webp\" alt=\"MCA%20FRUITS\"  \/><h5 class=\"vt-f-title\">Starking Delicious<\/h5><\/a><\/div><!-- End Single Item --><!-- Single Item --><div class=\"product-list-item\"><a href=\"\"><img decoding=\"async\" src=\"http:\/\/mcafruits.com\/wp-content\/uploads\/2024\/08\/smothe.webp\" alt=\"MCA%20FRUITS\"  \/><h5 class=\"vt-f-title\">Golden Smothe<\/h5><\/a><\/div><!-- End Single Item --><!-- Single Item --><div class=\"product-list-item\"><a href=\"\"><img decoding=\"async\" src=\"http:\/\/mcafruits.com\/wp-content\/uploads\/2024\/08\/scarlet-spur.webp\" alt=\"MCA%20FRUITS\"  \/><h5 class=\"vt-f-title\">Scarlet Spur<\/h5><\/a><\/div><!-- End Single Item --><!-- Single Item --><div class=\"product-list-item\"><a href=\"\"><img decoding=\"async\" src=\"http:\/\/mcafruits.com\/wp-content\/uploads\/2024\/08\/reinders.webp\" alt=\"MCA%20FRUITS\"  \/><h5 class=\"vt-f-title\">Golden Reinders<\/h5><\/a><\/div><!-- End Single Item --><!-- Single Item --><div class=\"product-list-item\"><a href=\"\"><img decoding=\"async\" src=\"http:\/\/mcafruits.com\/wp-content\/uploads\/2024\/08\/pink-lady.webp\" alt=\"MCA%20FRUITS\"  \/><h5 class=\"vt-f-title\">Pink Lady<\/h5><\/a><\/div><!-- End Single Item --><!-- Single Item --><div class=\"product-list-item\"><a href=\"\"><img decoding=\"async\" src=\"http:\/\/mcafruits.com\/wp-content\/uploads\/2024\/08\/gala.webp\" alt=\"MCA%20FRUITS\"  \/><h5 class=\"vt-f-title\">Buckeye Gala<\/h5><\/a><\/div><!-- End Single Item --><!-- Single Item --><div class=\"product-list-item\"><a href=\"\"><img decoding=\"async\" src=\"http:\/\/mcafruits.com\/wp-content\/uploads\/2024\/08\/granny.webp\" alt=\"MCA%20FRUITS\"  \/><h5 class=\"vt-f-title\">Granny Smith<\/h5><\/a><\/div><!-- End Single Item --><!-- Single Item --><div class=\"product-list-item\"><a href=\"\"><img decoding=\"async\" src=\"http:\/\/mcafruits.com\/wp-content\/uploads\/2024\/08\/fuji.webp\" alt=\"MCA%20FRUITS\"  \/><h5 class=\"vt-f-title\">Fuji<\/h5><\/a><\/div><!-- End Single Item --><\/div><\/div><\/div><\/div><\/div><\/div><\/div>\t\t<\/div>\n\t\t\t\t<\/div>\n\t\t\t\t<\/div>\n\t\t<div class=\"elementor-element elementor-element-826e416 e-con-full e-flex e-con e-parent\" data-id=\"826e416\" data-element_type=\"container\">\n\t\t\t\t<div class=\"elementor-element elementor-element-989c74a elementor-widget elementor-widget-agricagalleryes\" data-id=\"989c74a\" data-element_type=\"widget\" data-widget_type=\"agricagalleryes.default\">\n\t\t\t\t<div class=\"elementor-widget-container\">\n\t\t\t<div class=\"gallery-style-two-area\"><div class=\"container\"><div class=\"row\"><div class=\"col-md-12 gallery-content\"><div class=\"magnific-mix-gallery gallery-masonary\"><div id=\"gallery-masonary\" class=\"gallery-items colums-3\"><!-- Single Item --><div class=\"gallery-item\"><div class=\"gallery-style-one\"><img decoding=\"async\" src=\"http:\/\/mcafruits.com\/wp-content\/uploads\/2024\/08\/cesit-4.webp\" alt=\"MCA%20FRUITS\"  \/><div class=\"overlay\"><h4 class=\"vt-f-text\"><a href=\"\">Scarlet Spur<\/a><\/h4><\/div><\/div><\/div><!-- End Single Item --><!-- Single Item --><div class=\"gallery-item  width\"><div class=\"gallery-style-one\"><img decoding=\"async\" src=\"http:\/\/mcafruits.com\/wp-content\/uploads\/2024\/08\/elma-cesitleri-lg.webp\" alt=\"MCA%20FRUITS\"  \/><div class=\"overlay\"><h4 class=\"vt-f-text\"><a href=\"\">Apple Varieties<\/a><\/h4><\/div><\/div><\/div><!-- End Single Item --><!-- Single Item --><div class=\"gallery-item\"><div class=\"gallery-style-one\"><img decoding=\"async\" src=\"http:\/\/mcafruits.com\/wp-content\/uploads\/2024\/08\/cesit-3.webp\" alt=\"MCA%20FRUITS\"  \/><div class=\"overlay\"><h4 class=\"vt-f-text\"><a href=\"\">Starking Delicious<\/a><\/h4><\/div><\/div><\/div><!-- End Single Item --><!-- Single Item --><div class=\"gallery-item\"><div class=\"gallery-style-one\"><img decoding=\"async\" src=\"http:\/\/mcafruits.com\/wp-content\/uploads\/2024\/08\/cesit-2.webp\" alt=\"MCA%20FRUITS\"  \/><div class=\"overlay\"><h4 class=\"vt-f-text\"><a href=\"https:\/\/wordpress.validthemes.net\/agrica\/project-details\/\">Granny Simith<\/a><\/h4><\/div><\/div><\/div><!-- End Single Item --><!-- Single Item --><div class=\"gallery-item\"><div class=\"gallery-style-one\"><img decoding=\"async\" src=\"http:\/\/mcafruits.com\/wp-content\/uploads\/2024\/08\/cesit-1.webp\" alt=\"MCA%20FRUITS\"  \/><div class=\"overlay\"><h4 class=\"vt-f-text\"><a href=\"\">Fuji<\/a><\/h4><\/div><\/div><\/div><!-- End Single Item --><\/div><\/div><\/div><\/div><\/div><\/div>\t\t<\/div>\n\t\t\t\t<\/div>\n\t\t\t\t<\/div>\n\t\t\t\t<\/div>","protected":false},"excerpt":{"rendered":"<p>Sekiz \u00c7e\u015fit Lezzet Karaman&#8217;\u0131n Elma Cenneti, D\u00fcnyan\u0131n Lezzet Merkezi Sekiz \u00c7e\u015fit Lezzet, Bir D\u00fcnya Kalite Faaliyetlerimiz Sekiz \u00c7e\u015fit Lezzet Starking Delicious Golden Smothe Scarlet Spur Golden Reinders Pink Lady Buckeye Gala Granny Smith Fuji Scarlet Spur Elma \u00c7e\u015fitleri Starking Delicious Granny Simith Fuji<\/p>","protected":false},"author":1,"featured_media":0,"parent":0,"menu_order":0,"comment_status":"closed","ping_status":"closed","template":"template-builder.php","meta":{"footnotes":""},"class_list":["post-2691","page","type-page","status-publish","hentry"],"_links":{"self":[{"href":"https:\/\/mcafruits.com\/en\/wp-json\/wp\/v2\/pages\/2691","targetHints":{"allow":["GET"]}}],"collection":[{"href":"https:\/\/mcafruits.com\/en\/wp-json\/wp\/v2\/pages"}],"about":[{"href":"https:\/\/mcafruits.com\/en\/wp-json\/wp\/v2\/types\/page"}],"author":[{"embeddable":true,"href":"https:\/\/mcafruits.com\/en\/wp-json\/wp\/v2\/users\/1"}],"replies":[{"embeddable":true,"href":"https:\/\/mcafruits.com\/en\/wp-json\/wp\/v2\/comments?post=2691"}],"version-history":[{"count":22,"href":"https:\/\/mcafruits.com\/en\/wp-json\/wp\/v2\/pages\/2691\/revisions"}],"predecessor-version":[{"id":3268,"href":"https:\/\/mcafruits.com\/en\/wp-json\/wp\/v2\/pages\/2691\/revisions\/3268"}],"wp:attachment":[{"href":"https:\/\/mcafruits.com\/en\/wp-json\/wp\/v2\/media?parent=2691"}],"curies":[{"name":"wp","href":"https:\/\/api.w.org\/{rel}","templated":true}]}}