{"id":2659,"date":"2024-01-06T17:27:51","date_gmt":"2024-01-06T17:27:51","guid":{"rendered":"https:\/\/wordpress.validthemes.net\/agrica\/?page_id=2659"},"modified":"2024-08-26T16:41:07","modified_gmt":"2024-08-26T13:41:07","slug":"hakkimizda","status":"publish","type":"page","link":"https:\/\/mcafruits.com\/en\/hakkimizda\/","title":{"rendered":"About Us"},"content":{"rendered":"<div data-elementor-type=\"wp-page\" data-elementor-id=\"2659\" class=\"elementor elementor-2659\" data-elementor-post-type=\"page\">\n\t\t\t\t<div class=\"elementor-element elementor-element-1b23040 e-con-full e-flex e-con e-parent\" data-id=\"1b23040\" data-element_type=\"container\">\n\t\t\t\t<div class=\"elementor-element elementor-element-52ef5b9 elementor-widget elementor-widget-agricaaboutus\" data-id=\"52ef5b9\" data-element_type=\"widget\" data-widget_type=\"agricaaboutus.default\">\n\t\t\t\t<div class=\"elementor-widget-container\">\n\t\t\t<div class=\"about-style-one-area default-padding overflow-hidden\"><div class=\"container\"><div class=\"row align-center\"><div class=\"col-xl-6 col-lg-5\"><div class=\"about-style-one-thumb\"><img decoding=\"async\" src=\"http:\/\/mcafruits.com\/wp-content\/uploads\/2024\/08\/close-up-apples-branch_23-2150713364-.webp\" alt=\"MCA%20FRUITS\"  \/><div class=\"animation-shape\"><img decoding=\"async\" src=\"http:\/\/mcafruits.com\/wp-content\/uploads\/2024\/08\/43212-ai.webp\" alt=\"MCA%20FRUITS\"  \/><\/div><\/div><\/div><div class=\"col-xl-5 offset-xl-1 col-lg-6 offset-lg-1\"><div class=\"about-style-one-info\"><h2 class=\"vt-title title\">MCA FRUITS<\/h2><p class=\"vt-desc\">In the field of corporate production, we have been producing highly professional and senior apples under the name of \u00c7ALIK Group in Karaman Province of Turkey since 1984. We continue our activities as a business with a high customer volume and high business responsibility. We have apple orchards on 800 decares and produce approximately 9000 tons of apples per year. We offer our apples, which we store and package in our own cold storage, for sale in the domestic market. We also export our products to many countries. Our company progresses in different fields; our presence continues in the fields of oil and construction. With our large trade volume, we work with all our might to provide better service to our customers as Zeyt Tar\u0131m, MCA Fruit and \u00c7al\u0131k Yap\u0131.<\/p><div class=\"fun-fact-style-flex mt-35\"><div class=\"counter\"><\/div><\/div><ul class=\"top-feature\"><li><div class=\"icon\"><img decoding=\"async\" src=\"http:\/\/mcafruits.com\/wp-content\/uploads\/2024\/01\/31.png\" alt=\"MCA%20FRUITS\"  \/><\/div><div class=\"info\"><h4 class=\"vt-f-title\">Global Reach<\/h4><p class=\"vt-f-text\">In addition to domestic sales, export to many countries<\/p><\/div><\/li><li><div class=\"icon\"><img decoding=\"async\" src=\"http:\/\/mcafruits.com\/wp-content\/uploads\/2024\/08\/global.webp\" alt=\"MCA%20FRUITS\"  \/><\/div><div class=\"info\"><h4 class=\"vt-f-title\">Modern Facilities<\/h4><p class=\"vt-f-text\">State-of-the-art production and cold storage units<\/p><\/div><\/li><\/ul><\/div><\/div><\/div><\/div><\/div>\t\t<\/div>\n\t\t\t\t<\/div>\n\t\t\t\t<\/div>\n\t\t<div class=\"elementor-element elementor-element-2fa2987 e-con-full e-flex e-con e-parent\" data-id=\"2fa2987\" data-element_type=\"container\" data-settings=\"{&quot;background_background&quot;:&quot;classic&quot;}\">\n\t\t\t\t<div class=\"elementor-element elementor-element-6d5f448 elementor-widget elementor-widget-agricahistory\" data-id=\"6d5f448\" data-element_type=\"widget\" data-widget_type=\"agricahistory.default\">\n\t\t\t\t<div class=\"elementor-widget-container\">\n\t\t\t<div class=\"timeline-area default-padding\"><div class=\"container\"><div class=\"row\"><div class=\"col-lg-8 offset-lg-2\"><div class=\"site-heading\"><h2 class=\"title vt-f-title\">In apple production <br> since 1984...<\/h2> <div class=\"row\"><div class=\"col-xl-10 offset-xl-2\"><p class=\"vt-f-text desc-selector\">Today, we produce 9000 tons of apples annually in our 800-acre apple orchard, store them in our modern cold storage facilities and pack them carefully. We offer our products for sale both in the domestic market and export them to many countries. As MCA Fruits, we are proud to be one of Turkey's leading names in quality apple production.<\/p><\/div><\/div> <\/div><\/div><\/div><div class=\"row\"><div class=\"col-lg-12\"><div class=\"timeline-items\"><!-- Single Item --> <div class=\"timeline-item\"><h2 class=\"vt-year\">1984<\/h2> <h4 class=\"vt-title\">Company Establishment<\/h4><\/div><!-- Single Item --> <div class=\"timeline-item\"><h2 class=\"vt-year\">1990<\/h2> <h4 class=\"vt-title\">Expansion of Production Area<\/h4><\/div><!-- Single Item --> <div class=\"timeline-item\"><h2 class=\"vt-year\">2000<\/h2> <h4 class=\"vt-title\">Cold Storage Investment<\/h4><\/div><!-- Single Item --> <div class=\"timeline-item\"><h2 class=\"vt-year\">2010<\/h2> <h4 class=\"vt-title\">Increase in Production Capacity<\/h4><\/div><\/div><\/div><\/div><\/div><\/div>\t\t<\/div>\n\t\t\t\t<\/div>\n\t\t\t\t<\/div>\n\t\t<div class=\"elementor-element elementor-element-9c20e6f e-con-full e-flex e-con e-parent\" data-id=\"9c20e6f\" data-element_type=\"container\" data-settings=\"{&quot;background_background&quot;:&quot;classic&quot;}\">\n\t\t\t\t<div class=\"elementor-element elementor-element-9fbeef5 elementor-widget elementor-widget-agricawhychoseus\" data-id=\"9fbeef5\" data-element_type=\"widget\" data-widget_type=\"agricawhychoseus.default\">\n\t\t\t\t<div class=\"elementor-widget-container\">\n\t\t\t<div class=\"choose-us-style-three-area  text-light\"><div class=\"illustration-bottom\"><img decoding=\"async\" src=\"http:\/\/mcafruits.com\/wp-content\/uploads\/2024\/08\/delicious-red-apples-studio-.webp\" alt=\"MCA%20FRUITS\"  \/><\/div><div class=\"shape\" style=\"background-image: url(http:\/\/mcafruits.com\/wp-content\/uploads\/2024\/08\/elma-ihracat-47.jpeg);\"><\/div><div class=\"container\"><div class=\"row\"><div class=\"col-lg-6 offset-lg-6 pl-60 pl-md-15 pl-xs-15\"><h2 class=\"title vt-f-title\">We Carry From Nature to Table with Our Hearts<\/h2><p class=\"vt-f-text desc-selector\">As MCA FRUITS, we combine our traditional values \u200b\u200bwith modern agricultural techniques to bring the freshest and most delicious apples to your tables every season. With our principles of quality, sustainability and customer satisfaction, we aim to be not only an apple producer but also a reliable business partner.<\/p><div class=\"list-grid\"><div class=\"achivement-content\"><div class=\"item\"><div class=\"progressbar\"><div class=\"circle\" data-percent=\"91\"><strong><\/strong><\/div><\/div><h4 class=\"vt-c-title\">Organic Solutions<\/h4><\/div><\/div>\ud83c\udf31 Deep-Rooted History <br>\n\ud83c\udf4e Wide Range of Products <br>\n\ud83c\udf33 Large Production Area <br>\n\ud83d\udcc8 High Capacity <br><\/div> <\/div><\/div><\/div><\/div>\t\t<\/div>\n\t\t\t\t<\/div>\n\t\t\t\t<\/div>\n\t\t<div class=\"elementor-element elementor-element-2e27e11 e-con-full e-flex e-con e-parent\" data-id=\"2e27e11\" data-element_type=\"container\">\n\t\t\t\t<div class=\"elementor-element elementor-element-5be4990 elementor-widget elementor-widget-agricaservices\" data-id=\"5be4990\" data-element_type=\"widget\" data-widget_type=\"agricaservices.default\">\n\t\t\t\t<div class=\"elementor-widget-container\">\n\t\t\t<div class=\"services-style-one-area\"><div class=\"shape-right-top\" style=\"background-image: url();\"><\/div><div class=\"container\"><div class=\"row\"><div class=\"col-lg-6 offset-lg-3\"><div class=\"site-heading text-center\"><h5 class=\"sub-title\">Why Us?<\/h5><h2 class=\"title\">We Grow with Technology, We Serve with Taste<\/h2><\/div><\/div><\/div><div class=\"row\"><!-- Single Item --><div class=\"col-lg-4 col-md-6 service-one-single\"><div class=\"service-style-one-item\"><div class=\"thumb\"><img decoding=\"async\" src=\"http:\/\/mcafruits.com\/wp-content\/uploads\/2024\/08\/1-1.webp\" alt=\"MCA%20FRUITS\"  \/><\/div><div class=\"info\"><div class=\"top\"><h4 class=\"vt-f-title\"><a href=\"\">Quality <span>assurance <\/span><\/a><\/h4><\/div><p class=\"vt-f-text\">We conduct research and development studies for continuous improvement. We maintain our leading position in the sector by developing innovative products and processes.<\/p><\/div><a href=\"\" class=\"btn-angle\"><i class=\"fas fa-arrow-right\"><\/i><\/a><\/div><\/div><!-- End Single Item --><!-- Single Item --><div class=\"col-lg-4 col-md-6 service-one-single\"><div class=\"service-style-one-item\"><div class=\"thumb\"><img decoding=\"async\" src=\"http:\/\/mcafruits.com\/wp-content\/uploads\/2024\/08\/2-1.webp\" alt=\"MCA%20FRUITS\"  \/><\/div><div class=\"info\"><div class=\"top\"><h4 class=\"vt-f-title\"><a href=\"\">Sustainable<span>agriculture<\/span><\/a><\/h4><\/div><p class=\"vt-f-text\">We use environmentally friendly production techniques. We aim to leave a healthy world for future generations by protecting natural resources.<\/p><\/div><a href=\"\" class=\"btn-angle\"><i class=\"fas fa-arrow-right\"><\/i><\/a><\/div><\/div><!-- End Single Item --><!-- Single Item --><div class=\"col-lg-4 col-md-6 service-one-single\"><div class=\"service-style-one-item\"><div class=\"thumb\"><img decoding=\"async\" src=\"http:\/\/mcafruits.com\/wp-content\/uploads\/2024\/08\/3.webp\" alt=\"MCA%20FRUITS\"  \/><\/div><div class=\"info\"><div class=\"top\"><h4 class=\"vt-f-title\"><a href=\"\">Reliable<span>supply<\/span><\/a><\/h4><\/div><p class=\"vt-f-text\">We guarantee on-time delivery and continuous stock. We create a reliable supply chain to always meet our customers' needs.<\/p><\/div><a href=\"\" class=\"btn-angle\"><i class=\"fas fa-arrow-right\"><\/i><\/a><\/div><\/div><!-- End Single Item --><!-- Single Item --><div class=\"col-lg-4 col-md-6 service-one-single\"><div class=\"service-style-one-item\"><div class=\"thumb\"><img decoding=\"async\" src=\"http:\/\/mcafruits.com\/wp-content\/uploads\/2024\/08\/4.webp\" alt=\"MCA%20FRUITS\"  \/><\/div><div class=\"info\"><div class=\"top\"><h4 class=\"vt-f-title\"><a href=\"\">Export <span>expertise<\/span><\/a><\/h4><\/div><p class=\"vt-f-text\">We have gained regular export experience to many countries. We are expanding our export network to have a strong position in international markets.<\/p><\/div><a href=\"\" class=\"btn-angle\"><i class=\"fas fa-arrow-right\"><\/i><\/a><\/div><\/div><!-- End Single Item --><!-- Single Item --><div class=\"col-lg-4 col-md-6 service-one-single\"><div class=\"service-style-one-item\"><div class=\"thumb\"><img decoding=\"async\" src=\"http:\/\/mcafruits.com\/wp-content\/uploads\/2024\/08\/5.webp\" alt=\"MCA%20FRUITS\"  \/><\/div><div class=\"info\"><div class=\"top\"><h4 class=\"vt-f-title\"><a href=\"\">Customer Focused<span>Approach<\/span><\/a><\/h4><\/div><p class=\"vt-f-text\">We offer flexible solutions and personalized service. We are constantly improving ourselves to keep customer satisfaction at the highest level.<\/p><\/div><a href=\"\" class=\"btn-angle\"><i class=\"fas fa-arrow-right\"><\/i><\/a><\/div><\/div><!-- End Single Item --><!-- Single Item --><div class=\"col-lg-4 col-md-6 service-one-single\"><div class=\"service-style-one-item\"><div class=\"thumb\"><img decoding=\"async\" src=\"http:\/\/mcafruits.com\/wp-content\/uploads\/2024\/08\/6-1.webp\" alt=\"MCA%20FRUITS\"  \/><\/div><div class=\"info\"><div class=\"top\"><h4 class=\"vt-f-title\"><a href=\"\">R &amp; D <span>investments<\/span><\/a><\/h4><\/div><p class=\"vt-f-text\">We conduct research and development studies for continuous improvement. We maintain our leading position in the sector by developing innovative products and processes.<\/p><\/div><a href=\"\" class=\"btn-angle\"><i class=\"fas fa-arrow-right\"><\/i><\/a><\/div><\/div><!-- End Single Item --><\/div><\/div><\/div>\t\t<\/div>\n\t\t\t\t<\/div>\n\t\t\t\t<\/div>\n\t\t<div class=\"elementor-element elementor-element-6974382 e-con-full e-flex e-con e-parent\" data-id=\"6974382\" data-element_type=\"container\">\n\t\t\t\t<div class=\"elementor-element elementor-element-55b1eee elementor-widget elementor-widget-agricavideoarea\" data-id=\"55b1eee\" data-element_type=\"widget\" data-widget_type=\"agricavideoarea.default\">\n\t\t\t\t<div class=\"elementor-widget-container\">\n\t\t\t<div class=\"benifits-area default-padding-top video-bg-live bg-cover mt--50 mt-md-0 mt-xs-0\" style=\"background-image: url(https:\/\/wordpress.validthemes.net\/agrica\/wp-content\/uploads\/2024\/01\/16.jpg);\">\t\t        <div class=\"player\" data-property=\"{videoURL:'https:\/\/www.youtube.com\/watch?v=w9eRIGTHKJM',containment:'.video-bg-live', showControls:false, autoPlay:true, zoom:0, loop:true, mute:true, startAt:13, opacity:1, quality:'default'}\"><\/div><div class=\"shape-top-center\" style=\"background-image: url(https:\/\/wordpress.validthemes.net\/agrica\/wp-content\/uploads\/2024\/01\/10.png);\"><\/div><div class=\"container\"><div class=\"row\"><div class=\"col-xl-6 col-lg-7\"><div class=\"benifit-items text-light\"><div class=\"shape\"><img decoding=\"async\" src=\"https:\/\/wordpress.validthemes.net\/agrica\/wp-content\/uploads\/2024\/01\/8-1.png\" alt=\"MCA%20FRUITS\"  \/><\/div><h2 class=\"vt-title title\">40 Years of Experience, Endless Taste Journey<\/h2><p class=\"vt-desc\">Operating in Karaman since 1984, MCA FRUITS is the address of excellence in apple production. With our 8 different apple varieties carefully grown in our 800-acre modern gardens, we offer options to suit every taste and need.<\/p><\/div><\/div><\/div><\/div><\/div>\t\t<\/div>\n\t\t\t\t<\/div>\n\t\t\t\t<\/div>\n\t\t\t\t<\/div>","protected":false},"excerpt":{"rendered":"<p>MCA FRUITS Kurumsal \u00fcretim alan\u0131nda T\u00fcrkiye&#039;nin Karaman \u0130linde 1984 y\u0131l\u0131ndan itibaren \u00c7ALIK Grup ad\u0131 alt\u0131nda son derece profesyonel ve k\u0131demli elma \u00fcretimi yapmaktay\u0131z. Y\u00fcksek m\u00fc\u015fteri hacmine sahip ve i\u015f sorumlulu\u011funun fazla oldu\u011fu bir i\u015fletme olarak faaliyetlerimize devam etmekteyiz. 800 dekarda elma bah\u00e7eleri olup y\u0131lda yakla\u015f\u0131k 9000 Ton elma \u00fcretmekteyiz. Kendimize ait so\u011fuk hava deponuzda muhafaza&#8230;<\/p>","protected":false},"author":1,"featured_media":0,"parent":0,"menu_order":0,"comment_status":"closed","ping_status":"closed","template":"template-builder.php","meta":{"footnotes":""},"class_list":["post-2659","page","type-page","status-publish","hentry"],"_links":{"self":[{"href":"https:\/\/mcafruits.com\/en\/wp-json\/wp\/v2\/pages\/2659","targetHints":{"allow":["GET"]}}],"collection":[{"href":"https:\/\/mcafruits.com\/en\/wp-json\/wp\/v2\/pages"}],"about":[{"href":"https:\/\/mcafruits.com\/en\/wp-json\/wp\/v2\/types\/page"}],"author":[{"embeddable":true,"href":"https:\/\/mcafruits.com\/en\/wp-json\/wp\/v2\/users\/1"}],"replies":[{"embeddable":true,"href":"https:\/\/mcafruits.com\/en\/wp-json\/wp\/v2\/comments?post=2659"}],"version-history":[{"count":47,"href":"https:\/\/mcafruits.com\/en\/wp-json\/wp\/v2\/pages\/2659\/revisions"}],"predecessor-version":[{"id":3383,"href":"https:\/\/mcafruits.com\/en\/wp-json\/wp\/v2\/pages\/2659\/revisions\/3383"}],"wp:attachment":[{"href":"https:\/\/mcafruits.com\/en\/wp-json\/wp\/v2\/media?parent=2659"}],"curies":[{"name":"wp","href":"https:\/\/api.w.org\/{rel}","templated":true}]}}